{"id":275,"date":"2023-01-18T23:11:26","date_gmt":"2023-01-18T22:11:26","guid":{"rendered":"https:\/\/www.stoparizabreh.cz\/?page_id=275"},"modified":"2023-01-18T23:11:26","modified_gmt":"2023-01-18T22:11:26","slug":"fotoarchiv-1968-1969","status":"publish","type":"page","link":"https:\/\/www.stoparizabreh.cz\/index.php\/fotoarchiv-1968-1969\/","title":{"rendered":"FOTOARCHIV 1968-1969"},"content":{"rendered":"\n<p>V tomto fotoarchivu m\u00e1me jen p\u00e1r fotek. A to p\u0159esn\u011b.  <\/p>\n\n\n\n<hr class=\"wp-block-separator has-css-opacity\"\/>\n\n\n\n<figure class=\"is-layout-flex wp-block-gallery-1 wp-block-gallery has-nested-images columns-default is-cropped\">\n<figure class=\"wp-block-image size-large\"><img decoding=\"async\" loading=\"lazy\" width=\"700\" height=\"814\" data-id=\"280\"  src=\"https:\/\/www.stoparizabreh.cz\/wp-content\/uploads\/2023\/01\/68070801-3-700x814.jpg\" alt=\"\" class=\"wp-image-280\" srcset=\"https:\/\/www.stoparizabreh.cz\/wp-content\/uploads\/2023\/01\/68070801-3-700x814.jpg 700w, https:\/\/www.stoparizabreh.cz\/wp-content\/uploads\/2023\/01\/68070801-3-258x300.jpg 258w, https:\/\/www.stoparizabreh.cz\/wp-content\/uploads\/2023\/01\/68070801-3-768x893.jpg 768w, https:\/\/www.stoparizabreh.cz\/wp-content\/uploads\/2023\/01\/68070801-3-1320x1536.jpg 1320w, https:\/\/www.stoparizabreh.cz\/wp-content\/uploads\/2023\/01\/68070801-3.jpg 1599w\" sizes=\"(max-width: 700px) 100vw, 700px\" \/><figcaption class=\"wp-element-caption\">68070801<\/figcaption><\/figure>\n\n\n\n<figure class=\"wp-block-image size-large\"><img decoding=\"async\" loading=\"lazy\" width=\"700\" height=\"490\" data-id=\"276\"  src=\"https:\/\/www.stoparizabreh.cz\/wp-content\/uploads\/2023\/01\/68102801-700x490.jpg\" alt=\"\" class=\"wp-image-276\" srcset=\"https:\/\/www.stoparizabreh.cz\/wp-content\/uploads\/2023\/01\/68102801-700x490.jpg 700w, https:\/\/www.stoparizabreh.cz\/wp-content\/uploads\/2023\/01\/68102801-300x210.jpg 300w, https:\/\/www.stoparizabreh.cz\/wp-content\/uploads\/2023\/01\/68102801-768x538.jpg 768w, https:\/\/www.stoparizabreh.cz\/wp-content\/uploads\/2023\/01\/68102801.jpg 1500w\" sizes=\"(max-width: 700px) 100vw, 700px\" \/><figcaption class=\"wp-element-caption\">68102801<\/figcaption><\/figure>\n<\/figure>\n","protected":false},"excerpt":{"rendered":"<p>V tomto fotoarchivu m\u00e1me jen p\u00e1r fotek. A to p\u0159esn\u011b.<\/p>\n","protected":false},"author":1,"featured_media":0,"parent":0,"menu_order":0,"comment_status":"closed","ping_status":"closed","template":"","meta":[],"_links":{"self":[{"href":"https:\/\/www.stoparizabreh.cz\/index.php\/wp-json\/wp\/v2\/pages\/275"}],"collection":[{"href":"https:\/\/www.stoparizabreh.cz\/index.php\/wp-json\/wp\/v2\/pages"}],"about":[{"href":"https:\/\/www.stoparizabreh.cz\/index.php\/wp-json\/wp\/v2\/types\/page"}],"author":[{"embeddable":true,"href":"https:\/\/www.stoparizabreh.cz\/index.php\/wp-json\/wp\/v2\/users\/1"}],"replies":[{"embeddable":true,"href":"https:\/\/www.stoparizabreh.cz\/index.php\/wp-json\/wp\/v2\/comments?post=275"}],"version-history":[{"count":1,"href":"https:\/\/www.stoparizabreh.cz\/index.php\/wp-json\/wp\/v2\/pages\/275\/revisions"}],"predecessor-version":[{"id":281,"href":"https:\/\/www.stoparizabreh.cz\/index.php\/wp-json\/wp\/v2\/pages\/275\/revisions\/281"}],"wp:attachment":[{"href":"https:\/\/www.stoparizabreh.cz\/index.php\/wp-json\/wp\/v2\/media?parent=275"}],"curies":[{"name":"wp","href":"https:\/\/api.w.org\/{rel}","templated":true}]}}