{"id":270,"date":"2023-01-18T22:46:39","date_gmt":"2023-01-18T21:46:39","guid":{"rendered":"https:\/\/www.stoparizabreh.cz\/?page_id=270"},"modified":"2023-01-18T23:11:46","modified_gmt":"2023-01-18T22:11:46","slug":"fotoarchiv","status":"publish","type":"page","link":"https:\/\/www.stoparizabreh.cz\/index.php\/fotoarchiv\/","title":{"rendered":"FOTOARCHIV"},"content":{"rendered":"\n<p>Ve fotoarchivu m\u00e1me n\u011bkolik set fotek. Jsou v r\u016fzn\u00e9 kvalit\u011b a jsou \u010dlen\u011bny po jednotliv\u00fdch odd\u00edlov\u00fdch obdob\u00edch. <\/p>\n\n\n\n<p><\/p>\n\n\n\n<div class=\"wp-block-media-text alignwide has-media-on-the-right has-black-color has-text-color\" style=\"grid-template-columns:auto 21%\"><div class=\"wp-block-media-text__content\">\n<h2 class=\"has-text-color\" style=\"color:#b5c2ab\"><mark style=\"background-color:rgba(0, 0, 0, 0)\" class=\"has-inline-color has-vivid-green-cyan-color\">Odd\u00edlov\u00e1 obdob\u00ed ve fotoarchivu: <\/mark><\/h2>\n\n\n\n<ol>\n<li>1968-1969 <a href=\"https:\/\/www.stoparizabreh.cz\/index.php\/fotoarchiv-1968-1969\/\" data-type=\"URL\" data-id=\"https:\/\/www.stoparizabreh.cz\/index.php\/fotoarchiv-1968-1969\/\" target=\"_blank\" rel=\"noreferrer noopener\">(2)<\/a><\/li>\n\n\n\n<li><mark style=\"background-color:rgba(0, 0, 0, 0)\" class=\"has-inline-color has-black-color\"><\/mark>1969-1970<\/li>\n\n\n\n<li>1970-1971<\/li>\n\n\n\n<li>1971-1972<\/li>\n\n\n\n<li>1972-1973<\/li>\n\n\n\n<li>1973-1974<\/li>\n\n\n\n<li>1974-1975<\/li>\n\n\n\n<li>1975-1976<\/li>\n\n\n\n<li>1976-1977<\/li>\n\n\n\n<li>1978-1979<\/li>\n\n\n\n<li>1979-1980<\/li>\n\n\n\n<li>1980-1981<\/li>\n\n\n\n<li>1981-1982<\/li>\n\n\n\n<li>1982-1983<\/li>\n\n\n\n<li>1983-1984<\/li>\n\n\n\n<li>1984-1985<\/li>\n\n\n\n<li>1985-1986<\/li>\n\n\n\n<li>1986-1987<\/li>\n\n\n\n<li>1987-1988<\/li>\n\n\n\n<li>1988-1989<\/li>\n\n\n\n<li>1989-1990<\/li>\n\n\n\n<li>1990-1991<\/li>\n\n\n\n<li>1991-1992<\/li>\n\n\n\n<li>1992-1993<\/li>\n\n\n\n<li>1993-1994<\/li>\n\n\n\n<li>1995-1996<\/li>\n\n\n\n<li>1996-1997<\/li>\n\n\n\n<li>1997-1998<\/li>\n\n\n\n<li>1998-1999<\/li>\n\n\n\n<li>1999-2000<\/li>\n<\/ol>\n<\/div><figure class=\"wp-block-media-text__media\"><img decoding=\"async\" loading=\"lazy\" width=\"137\" height=\"85\" src=\"https:\/\/www.stoparizabreh.cz\/wp-content\/uploads\/2023\/01\/macchina_fotografica_di_01.png\" alt=\"\" class=\"wp-image-271 size-medium\"\/><\/figure><\/div>\n\n\n\n<hr class=\"wp-block-separator has-css-opacity\"\/>\n\n\n\n<p><\/p>\n","protected":false},"excerpt":{"rendered":"<p>Ve fotoarchivu m\u00e1me n\u011bkolik set fotek. Jsou v r\u016fzn\u00e9 kvalit\u011b a jsou \u010dlen\u011bny po jednotliv\u00fdch odd\u00edlov\u00fdch obdob\u00edch.<\/p>\n","protected":false},"author":1,"featured_media":0,"parent":0,"menu_order":0,"comment_status":"closed","ping_status":"closed","template":"","meta":[],"_links":{"self":[{"href":"https:\/\/www.stoparizabreh.cz\/index.php\/wp-json\/wp\/v2\/pages\/270"}],"collection":[{"href":"https:\/\/www.stoparizabreh.cz\/index.php\/wp-json\/wp\/v2\/pages"}],"about":[{"href":"https:\/\/www.stoparizabreh.cz\/index.php\/wp-json\/wp\/v2\/types\/page"}],"author":[{"embeddable":true,"href":"https:\/\/www.stoparizabreh.cz\/index.php\/wp-json\/wp\/v2\/users\/1"}],"replies":[{"embeddable":true,"href":"https:\/\/www.stoparizabreh.cz\/index.php\/wp-json\/wp\/v2\/comments?post=270"}],"version-history":[{"count":2,"href":"https:\/\/www.stoparizabreh.cz\/index.php\/wp-json\/wp\/v2\/pages\/270\/revisions"}],"predecessor-version":[{"id":282,"href":"https:\/\/www.stoparizabreh.cz\/index.php\/wp-json\/wp\/v2\/pages\/270\/revisions\/282"}],"wp:attachment":[{"href":"https:\/\/www.stoparizabreh.cz\/index.php\/wp-json\/wp\/v2\/media?parent=270"}],"curies":[{"name":"wp","href":"https:\/\/api.w.org\/{rel}","templated":true}]}}