{"id":266,"date":"2023-01-18T21:49:35","date_gmt":"2023-01-18T20:49:35","guid":{"rendered":"https:\/\/www.stoparizabreh.cz\/?page_id=266"},"modified":"2023-01-18T22:48:53","modified_gmt":"2023-01-18T21:48:53","slug":"archiv","status":"publish","type":"page","link":"https:\/\/www.stoparizabreh.cz\/index.php\/archiv\/","title":{"rendered":"ARCHIV"},"content":{"rendered":"\n<p>Jist\u011b mnoz\u00ed v\u00edte, \u017ee m\u00e1me pom\u011brn\u011b slu\u0161n\u00fd odd\u00edlov\u00fd archiv. Je v\u0161ak velmi n\u00e1ro\u010dn\u00e9 jej zpracovat do digit\u00e1ln\u00ed podoby.<\/p>\n\n\n\n<p>V prvn\u00ed f\u00e1zi budou k dipozici ji\u017e d\u0159\u00edve p\u0159\u00edstupn\u00e9 materi\u00e1ly, ve druh\u00e9 p\u0159ijdou na \u0159adu v\u011bci, kter\u00e9 nap\u0159. na v\u00fdro\u010d\u00ed nebyly.<\/p>\n\n\n\n<div class=\"wp-block-media-text alignwide has-media-on-the-right has-black-color has-text-color\" style=\"grid-template-columns:auto 21%\"><div class=\"wp-block-media-text__content\">\n<h2 class=\"has-text-color\" style=\"color:#b5c2ab\"><mark style=\"background-color:rgba(0, 0, 0, 0);color:#2e9300\" class=\"has-inline-color\">Odd\u00edlov\u00fd archiv obsahuje: <\/mark><\/h2>\n\n\n\n<ul>\n<li><mark style=\"background-color:rgba(0, 0, 0, 0)\" class=\"has-inline-color has-black-color\"><strong><a href=\"https:\/\/www.stoparizabreh.cz\/index.php\/fotoarchiv\/\" data-type=\"URL\" data-id=\"https:\/\/www.stoparizabreh.cz\/index.php\/fotoarchiv\/\">FOTOARCHIV<\/a><\/strong> &#8211; z odd\u00edlov\u00e9ho \u017eivota<\/mark><\/li>\n\n\n\n<li><mark style=\"background-color:rgba(0, 0, 0, 0)\" class=\"has-inline-color has-black-color\"><strong>videa <\/strong>&#8211; velmi m\u00e1lo<\/mark><\/li>\n\n\n\n<li><mark style=\"background-color:rgba(0, 0, 0, 0)\" class=\"has-inline-color has-black-color\"><strong>odd\u00edlov\u00fd \u010dasopis<\/strong> <strong>Stopa\u0159<\/strong><\/mark> &#8211; n\u011bkolik des\u00edtek \u010d\u00edsel<\/li>\n\n\n\n<li><mark style=\"background-color:rgba(0, 0, 0, 0)\" class=\"has-inline-color has-black-color\"><strong>bro\u017eury<mark style=\"background-color:rgba(0, 0, 0, 0)\" class=\"has-inline-color has-black-color\"><\/mark><\/strong> &#8211; k podpo\u0159e odd\u00edlov\u00e9 \u010dinnosti<\/mark><\/li>\n\n\n\n<li><mark style=\"background-color:rgba(0, 0, 0, 0)\" class=\"has-inline-color has-black-color\"><strong>dokumenty <\/strong>&#8211; r\u016fzn\u00e9ho typu<\/mark>, diplomky, plak\u00e1tky<\/li>\n\n\n\n<li><mark style=\"background-color:rgba(0, 0, 0, 0)\" class=\"has-inline-color has-black-color\"><strong>kroniky<\/strong> &#8211; komplet, velk\u00e1 \u010d\u00e1st digitalizovan\u00e1, nutn\u00e1 d\u016fkladn\u00e1 kontrola<\/mark><\/li>\n\n\n\n<li><mark style=\"background-color:rgba(0, 0, 0, 0)\" class=\"has-inline-color has-black-color\"><strong>CD <\/strong>&#8211; m\u00e9dia, jak byla p\u0159ipraven\u00e1 na odd\u00edlov\u00e1 v\u00fdro\u010d\u00ed, fotky, historie<\/mark><\/li>\n<\/ul>\n<\/div><figure class=\"wp-block-media-text__media\"><img decoding=\"async\" loading=\"lazy\" width=\"100\" height=\"98\" src=\"https:\/\/www.stoparizabreh.cz\/wp-content\/uploads\/2021\/12\/znak-oddilu.jpg\" alt=\"znak odd\u00edlu\" class=\"wp-image-11 size-medium\"\/><\/figure><\/div>\n\n\n\n<hr class=\"wp-block-separator has-css-opacity\"\/>\n\n\n\n<p><\/p>\n","protected":false},"excerpt":{"rendered":"<p>Jist\u011b mnoz\u00ed v\u00edte, \u017ee m\u00e1me pom\u011brn\u011b slu\u0161n\u00fd odd\u00edlov\u00fd archiv. Je v\u0161ak velmi n\u00e1ro\u010dn\u00e9 jej zpracovat do digit\u00e1ln\u00ed podoby. V prvn\u00ed f\u00e1zi budou k dipozici ji\u017e d\u0159\u00edve p\u0159\u00edstupn\u00e9 materi\u00e1ly, ve druh\u00e9 p\u0159ijdou na \u0159adu v\u011bci, kter\u00e9 nap\u0159. na v\u00fdro\u010d\u00ed nebyly.<\/p>\n","protected":false},"author":1,"featured_media":0,"parent":0,"menu_order":0,"comment_status":"closed","ping_status":"closed","template":"","meta":[],"_links":{"self":[{"href":"https:\/\/www.stoparizabreh.cz\/index.php\/wp-json\/wp\/v2\/pages\/266"}],"collection":[{"href":"https:\/\/www.stoparizabreh.cz\/index.php\/wp-json\/wp\/v2\/pages"}],"about":[{"href":"https:\/\/www.stoparizabreh.cz\/index.php\/wp-json\/wp\/v2\/types\/page"}],"author":[{"embeddable":true,"href":"https:\/\/www.stoparizabreh.cz\/index.php\/wp-json\/wp\/v2\/users\/1"}],"replies":[{"embeddable":true,"href":"https:\/\/www.stoparizabreh.cz\/index.php\/wp-json\/wp\/v2\/comments?post=266"}],"version-history":[{"count":3,"href":"https:\/\/www.stoparizabreh.cz\/index.php\/wp-json\/wp\/v2\/pages\/266\/revisions"}],"predecessor-version":[{"id":274,"href":"https:\/\/www.stoparizabreh.cz\/index.php\/wp-json\/wp\/v2\/pages\/266\/revisions\/274"}],"wp:attachment":[{"href":"https:\/\/www.stoparizabreh.cz\/index.php\/wp-json\/wp\/v2\/media?parent=266"}],"curies":[{"name":"wp","href":"https:\/\/api.w.org\/{rel}","templated":true}]}}