{"id":2,"date":"2021-12-27T00:40:22","date_gmt":"2021-12-26T23:40:22","guid":{"rendered":"http:\/\/www.stoparizabreh.cz\/?page_id=2"},"modified":"2023-01-21T23:00:42","modified_gmt":"2023-01-21T22:00:42","slug":"akce","status":"publish","type":"page","link":"https:\/\/www.stoparizabreh.cz\/index.php\/akce\/","title":{"rendered":"Akce"},"content":{"rendered":"\n<p>A\u010dkoli odd\u00edl nen\u00ed aktivn\u00ed, ob\u010das se n\u011bco d\u011bje&#8230;<\/p>\n\n\n\n<p>V roce 2023 se nab\u00edz\u00ed tyto p\u0159\u00edle\u017eitosti, kdy bychom se mohli potkat:<\/p>\n\n\n\n<div class=\"wp-block-media-text alignwide has-media-on-the-right has-black-color has-text-color\" style=\"grid-template-columns:auto 21%\"><div class=\"wp-block-media-text__content\">\n<h2 class=\"has-text-color\" style=\"color:#b5c2ab\"><mark style=\"background-color:rgba(0, 0, 0, 0);color:#2e9300\" class=\"has-inline-color\">Lakrosov\u00e1 dvan\u00e1ctihodinovka <\/mark><\/h2>\n\n\n\n<ul>\n<li><strong>stav akce:<\/strong> <strong><mark style=\"background-color:rgba(0, 0, 0, 0)\" class=\"has-inline-color has-vivid-green-cyan-color\"><strong>P\u0158IPR<\/strong>AVENA<\/mark><mark style=\"background-color:rgba(0, 0, 0, 0)\" class=\"has-inline-color has-black-color\"><\/mark><\/strong><\/li>\n\n\n\n<li><mark style=\"background-color:rgba(0, 0, 0, 0)\" class=\"has-inline-color has-black-color\"><strong>datum: 1.4.2023<\/strong> (term\u00edn byl posunut)<\/mark><\/li>\n\n\n\n<li><mark style=\"background-color:rgba(0, 0, 0, 0)\" class=\"has-inline-color has-black-color\"><strong>\u010das:<\/strong> <\/mark>vlastn\u00ed z\u00e1pas 8:00-20:00, z\u00e1pis a rozlosov\u00e1n\u00ed v 7:30<\/li>\n\n\n\n<li><mark style=\"background-color:rgba(0, 0, 0, 0)\" class=\"has-inline-color has-black-color\"><strong>m\u00edsto: <\/strong>t\u011blocvi\u010dna II. z\u00e1kladn\u00ed \u0161koly Z\u00e1b\u0159eh (Bo\u017eeny N\u011bmcov\u00e9 1503\/15)<\/mark><\/li>\n\n\n\n<li><strong>poloha:<\/strong> <a href=\"https:\/\/mapy.cz\/zakladni?vlastni-body=&amp;x=16.8704031&amp;y=49.8839645&amp;z=18&amp;ut=Vchod+do+t%C4%9Blocvi%C4%8Dny&amp;uc=9m.ABxWoQe&amp;ud=49%C2%B053%273.504%22N%2C+16%C2%B052%2710.545%22E\" data-type=\"URL\" data-id=\"https:\/\/mapy.cz\/zakladni?vlastni-body=&amp;x=16.8704031&amp;y=49.8839645&amp;z=18&amp;ut=Vchod+do+t%C4%9Blocvi%C4%8Dny&amp;uc=9m.ABxWoQe&amp;ud=49%C2%B053%273.504%22N%2C+16%C2%B052%2710.545%22E\" target=\"_blank\" rel=\"noreferrer noopener\">mapa<\/a><\/li>\n\n\n\n<li><mark style=\"background-color:rgba(0, 0, 0, 0)\" class=\"has-inline-color has-black-color\"><strong>typ akce:<\/strong> sportovn\u00ed pro hr\u00e1\u010de a fanou\u0161ky z odd\u00edl\u016f a ve\u0159ejnosti<\/mark><\/li>\n\n\n\n<li><mark style=\"background-color:rgba(0, 0, 0, 0)\" class=\"has-inline-color has-black-color\"><strong>s sebou:<\/strong> lakrosku, startovn\u00e9 (100 K\u010d do 18 let, 150 K\u010d 18+), b\u00edl\u00e9 a \u010dern\u00e9 triko (m\u00edsto rozli\u0161ov\u00e1k\u016f), sportovn\u00ed obuv, kter\u00e1 ned\u011bl\u00e1 \u010d\u00e1ry, ru\u010dn\u00edk, dostatek j\u00eddla a pit\u00ed.<\/mark><\/li>\n<\/ul>\n<\/div><figure class=\"wp-block-media-text__media\"><img decoding=\"async\" loading=\"lazy\" width=\"78\" height=\"103\" src=\"https:\/\/www.stoparizabreh.cz\/wp-content\/uploads\/2022\/02\/lakroska.jpg\" alt=\"\" class=\"wp-image-180 size-medium\"\/><\/figure><\/div>\n\n\n\n<hr class=\"wp-block-separator has-css-opacity\"\/>\n","protected":false},"excerpt":{"rendered":"<p>A\u010dkoli odd\u00edl nen\u00ed aktivn\u00ed, ob\u010das se n\u011bco d\u011bje&#8230; V roce 2023 se nab\u00edz\u00ed tyto p\u0159\u00edle\u017eitosti, kdy bychom se mohli potkat:<\/p>\n","protected":false},"author":1,"featured_media":0,"parent":0,"menu_order":0,"comment_status":"closed","ping_status":"closed","template":"","meta":[],"_links":{"self":[{"href":"https:\/\/www.stoparizabreh.cz\/index.php\/wp-json\/wp\/v2\/pages\/2"}],"collection":[{"href":"https:\/\/www.stoparizabreh.cz\/index.php\/wp-json\/wp\/v2\/pages"}],"about":[{"href":"https:\/\/www.stoparizabreh.cz\/index.php\/wp-json\/wp\/v2\/types\/page"}],"author":[{"embeddable":true,"href":"https:\/\/www.stoparizabreh.cz\/index.php\/wp-json\/wp\/v2\/users\/1"}],"replies":[{"embeddable":true,"href":"https:\/\/www.stoparizabreh.cz\/index.php\/wp-json\/wp\/v2\/comments?post=2"}],"version-history":[{"count":72,"href":"https:\/\/www.stoparizabreh.cz\/index.php\/wp-json\/wp\/v2\/pages\/2\/revisions"}],"predecessor-version":[{"id":285,"href":"https:\/\/www.stoparizabreh.cz\/index.php\/wp-json\/wp\/v2\/pages\/2\/revisions\/285"}],"wp:attachment":[{"href":"https:\/\/www.stoparizabreh.cz\/index.php\/wp-json\/wp\/v2\/media?parent=2"}],"curies":[{"name":"wp","href":"https:\/\/api.w.org\/{rel}","templated":true}]}}